{"id":56,"date":"2026-02-15T17:08:36","date_gmt":"2026-02-15T17:08:36","guid":{"rendered":"http:\/\/www.magicgeekday.be\/?page_id=56"},"modified":"2026-03-02T14:54:59","modified_gmt":"2026-03-02T14:54:59","slug":"infos","status":"publish","type":"page","link":"https:\/\/www.magicgeekday.be\/index.php\/infos\/","title":{"rendered":"Infos pratiques"},"content":{"rendered":"\n<main class=\"wp-block-group alignfull is-layout-flow wp-container-core-group-is-layout-bb1e360e wp-block-group-is-layout-flow\" style=\"margin-top:0;margin-bottom:0;padding-top:0;padding-right:0;padding-bottom:0;padding-left:0\"><\/main>\n\n\n\n<p class=\"has-text-align-center has-ti-bg-alt-background-color has-background\"><strong>De jolies gaufres attendent les 50 premi\u00e8res gentes dames ce 8 mars \u00e0 l\u2019occasion de la journ\u00e9e de la femme.<\/strong><\/p>\n\n\n\n<p class=\"has-text-align-center\"><strong>Acc\u00e8s<\/strong><\/p>\n\n\n\n<figure class=\"wp-block-image aligncenter size-large is-resized is-style-default\"><img loading=\"lazy\" decoding=\"async\" width=\"1024\" height=\"803\" src=\"https:\/\/www.magicgeekday.be\/wp-content\/uploads\/2026\/03\/accesMGD26-1024x803.png\" alt=\"\" class=\"wp-image-827\" style=\"width:600px\" srcset=\"https:\/\/www.magicgeekday.be\/wp-content\/uploads\/2026\/03\/accesMGD26-1024x803.png 1024w, https:\/\/www.magicgeekday.be\/wp-content\/uploads\/2026\/03\/accesMGD26-300x235.png 300w, https:\/\/www.magicgeekday.be\/wp-content\/uploads\/2026\/03\/accesMGD26-768x602.png 768w, https:\/\/www.magicgeekday.be\/wp-content\/uploads\/2026\/03\/accesMGD26-1536x1205.png 1536w, https:\/\/www.magicgeekday.be\/wp-content\/uploads\/2026\/03\/accesMGD26.png 1744w\" sizes=\"auto, (max-width: 1024px) 100vw, 1024px\" \/><\/figure>\n\n\n\n<p class=\"has-text-align-center\"><strong>Parking gratuit<\/strong><\/p>\n\n\n\n<figure class=\"wp-block-image aligncenter size-large is-resized is-style-default\"><img loading=\"lazy\" decoding=\"async\" width=\"1024\" height=\"650\" src=\"https:\/\/www.magicgeekday.be\/wp-content\/uploads\/2026\/02\/salle-1024x650.jpeg\" alt=\"\" class=\"wp-image-808\" style=\"width:600px\" srcset=\"https:\/\/www.magicgeekday.be\/wp-content\/uploads\/2026\/02\/salle-1024x650.jpeg 1024w, https:\/\/www.magicgeekday.be\/wp-content\/uploads\/2026\/02\/salle-300x191.jpeg 300w, https:\/\/www.magicgeekday.be\/wp-content\/uploads\/2026\/02\/salle-768x488.jpeg 768w, https:\/\/www.magicgeekday.be\/wp-content\/uploads\/2026\/02\/salle-1536x975.jpeg 1536w, https:\/\/www.magicgeekday.be\/wp-content\/uploads\/2026\/02\/salle.jpeg 1600w\" sizes=\"auto, (max-width: 1024px) 100vw, 1024px\" \/><\/figure>\n\n\n\n<p class=\"has-text-align-left has-ti-bg-alt-background-color has-background\"><strong>\u00c0 noter<\/strong><br>Bancontact \u00e0 proximit\u00e9 direct (juste en face du parking)<br>Wi-Fi dans la salle<\/p>\n\n\n\n<p><strong>Boissons<\/strong><br>Eau, soft, jus, Jupiler et quelques bi\u00e8res sp\u00e9ciales.<\/p>\n\n\n\n<p class=\"has-text-align-left has-ti-bg-alt-background-color has-background\"><strong>Petites restaurations<\/strong><br>Hot-dog, chili con carne, arrosticini.<\/p>\n\n\n\n<p><strong>Collations<\/strong><br>Gaufres, cr\u00eapes, cookies.<\/p>\n\n\n\n<p class=\"has-text-align-center has-ti-bg-alt-background-color has-background\"><strong>Et, notre tombola avec des lots \u00e0 gagner\u00a0!<\/strong><br><\/p>\n\n\n\n<p><\/p>\n\n\n\n<main class=\"wp-block-group alignfull is-layout-flow wp-container-core-group-is-layout-bb1e360e wp-block-group-is-layout-flow\" style=\"margin-top:0;margin-bottom:0;padding-top:0;padding-right:0;padding-bottom:0;padding-left:0\"><\/main>\n","protected":false},"excerpt":{"rendered":"<p>De jolies gaufres attendent les 50 premi\u00e8res gentes dames ce 8 mars \u00e0 l\u2019occasion de la journ\u00e9e de la femme. Acc\u00e8s Parking gratuit \u00c0 noterBancontact \u00e0 proximit\u00e9 direct (juste en face du parking)Wi-Fi dans la salle BoissonsEau, soft, jus, Jupiler et quelques bi\u00e8res sp\u00e9ciales. Petites restaurationsHot-dog, chili con carne, arrosticini. CollationsGaufres, cr\u00eapes, cookies. Et, notre [&hellip;]<\/p>\n","protected":false},"author":1,"featured_media":0,"parent":0,"menu_order":0,"comment_status":"closed","ping_status":"closed","template":"","meta":{"footnotes":""},"class_list":["post-56","page","type-page","status-publish","hentry"],"_links":{"self":[{"href":"https:\/\/www.magicgeekday.be\/index.php\/wp-json\/wp\/v2\/pages\/56","targetHints":{"allow":["GET"]}}],"collection":[{"href":"https:\/\/www.magicgeekday.be\/index.php\/wp-json\/wp\/v2\/pages"}],"about":[{"href":"https:\/\/www.magicgeekday.be\/index.php\/wp-json\/wp\/v2\/types\/page"}],"author":[{"embeddable":true,"href":"https:\/\/www.magicgeekday.be\/index.php\/wp-json\/wp\/v2\/users\/1"}],"replies":[{"embeddable":true,"href":"https:\/\/www.magicgeekday.be\/index.php\/wp-json\/wp\/v2\/comments?post=56"}],"version-history":[{"count":39,"href":"https:\/\/www.magicgeekday.be\/index.php\/wp-json\/wp\/v2\/pages\/56\/revisions"}],"predecessor-version":[{"id":829,"href":"https:\/\/www.magicgeekday.be\/index.php\/wp-json\/wp\/v2\/pages\/56\/revisions\/829"}],"wp:attachment":[{"href":"https:\/\/www.magicgeekday.be\/index.php\/wp-json\/wp\/v2\/media?parent=56"}],"curies":[{"name":"wp","href":"https:\/\/api.w.org\/{rel}","templated":true}]}}