{"id":350,"date":"2025-12-06T18:39:54","date_gmt":"2025-12-06T18:39:54","guid":{"rendered":"https:\/\/www.magicgeekday.be\/?page_id=350"},"modified":"2026-01-08T15:06:59","modified_gmt":"2026-01-08T15:06:59","slug":"magic-geek-day","status":"publish","type":"page","link":"https:\/\/www.magicgeekday.be\/index.php\/magic-geek-day\/","title":{"rendered":"Magic Geek Day"},"content":{"rendered":"\n<p><\/p>\n\n\n\n<div class=\"wp-block-group alignfull has-ti-fg-alt-color has-ti-accent-background-color has-text-color has-background is-layout-constrained wp-container-core-group-is-layout-fe0e70a4 wp-block-group-is-layout-constrained\" style=\"margin-top:0px;margin-bottom:0px;padding-top:64px;padding-bottom:64px;line-height:0\">\n<h4 class=\"wp-block-heading alignwide has-text-align-center\" style=\"line-height:0\">Kesako<\/h4>\n<\/div>\n\n\n\n<p><\/p>\n\n\n\n<p>Au-del\u00e0 de son nom impronon\u00e7able, MGD envisage trois objectifs :<\/p>\n\n\n\n<ul class=\"wp-block-list\">\n<li>rassembler et connecter passionn\u00e9s, amateurs et acteurs de la pop culture wallo-franco-belgo-li\u00e9geoise (mais pas que)<\/li>\n\n\n\n<li>g\u00e9n\u00e9rer des b\u00e9n\u00e9fices \u00e0 verser \u00e0 une association caritative<\/li>\n\n\n\n<li>Proposer, le temps d\u2019une journ\u00e9e par an, un espace d\u2019\u00e9changes o\u00f9 on peut rire, boire un coup et manger un bout sans devoir vider son porte-feuille ailleurs que devant l\u2019\u00e9dition collector 1978 du reboot de la pr\u00e9quelle de ce fameux film slov\u00e8ne sur l\u2019amour impossible entre un ninja guat\u00e9malt\u00e8que et une habitante de la plan\u00e8te Xdra du syst\u00e8me B44 de la galaxie T4226.@_boox (je ne sais pas si vous l\u2019avez vu, une tuerie).<\/li>\n<\/ul>\n\n\n\n<p>MGD se veut social, solidaire et d\u00e9tendu du gland. Et de la moule, ne genrons pas, c\u2019est mal. \u00c7a d\u00e9genre. D\u00e9range, pardon.<\/p>\n\n\n\n<h4 class=\"wp-block-heading\"><\/h4>\n\n\n\n<div class=\"wp-block-group alignfull has-ti-fg-alt-color has-ti-accent-background-color has-text-color has-background is-layout-constrained wp-container-core-group-is-layout-fe0e70a4 wp-block-group-is-layout-constrained\" style=\"margin-top:0px;margin-bottom:0px;padding-top:64px;padding-bottom:64px\">\n<h4 class=\"wp-block-heading alignwide has-text-align-center\" style=\"line-height:0\">Concr\u00e8tement<\/h4>\n<\/div>\n\n\n\n<p><\/p>\n\n\n\n<p>\u200bMagic Geek Day est une convention geek. Des exposants, qui sont des particuliers assez particuliers mais toujours tr\u00e8s pointus dans leur sous-genre (non sous-genr\u00e9, je le rappelle) ou des professionnels (ne soyons pas sectaires) louent une ou plusieurs tables \u00e0 des tarifs aussi doux qu\u2019un agneau du Silence du m\u00eame nom.<\/p>\n\n\n\n<p>Ne Pas Confondre organise tout \u00e7a: loue une belle, grande salle, contacte les exposants, recontacte les exposants, rerecontacte les exposants (\u00e7a, c\u2019est Fred et Dan), con\u00e7oit des flyers et des affiches (\u00e7a, c\u2019est Simon), g\u00e8re la page Facebook de MGD et rameute ses potes geeks (\u00e7a, c\u2019est EvilAsh), distribue lesdits flyers et affiches et cherche des likers (\u00e7a, c\u2019est Fabian et Fred) et pr\u00e9pare le lieu, le manger et le boire (\u00e7a, c\u2019est Fred). L&rsquo;intendance, ne l&rsquo;oublions pas (\u00e7a c&rsquo;est Dan et Fred). Tout \u00e7a en essayant de faire entrer tout ce merdier dans un budget qui tient la route et en relayant les informations sur notre site internet (\u00e7a, c\u2019est Maud). Donc si le lundi matin, on a des t\u00eates de panda, vous savez pourquoi! Oui, un caf\u00e9, on veut bien. Non, deux directement, merci. Noirs. Les caf\u00e9s, hein\u2026<\/p>\n\n\n\n<p>Le jour J, si le miracle se produit ET si chaque \u00e9tape pr\u00e9c\u00e9dente n\u2019a pas g\u00e9n\u00e9r\u00e9 son lot de catastrophes l\u00e9tales, les gens viennent, all\u00e9ch\u00e9s par la terrible tentation du MGD. Ils boivent un coup, sinuent entre les tables, mangent un hot-dog, boivent un coup, ach\u00e8tent des raret\u00e9s introuvables (qu\u2019ils ont pourtant trouv\u00e9es, le miracle est l\u00e0), boivent un coup, mangent une cr\u00eape et boivent un coup. Oui, parce que s\u2019ils ne boivent pas des coups, nous on ne fait pas de b\u00e9n\u00e9fices. Ce qui serait moche puisque c\u2019est le but.<\/p>\n\n\n\n<h4 class=\"wp-block-heading\"><\/h4>\n\n\n\n<div class=\"wp-block-group alignfull has-ti-fg-alt-color has-ti-accent-background-color has-text-color has-background is-layout-constrained wp-container-core-group-is-layout-fe0e70a4 wp-block-group-is-layout-constrained\" style=\"margin-top:0px;margin-bottom:0px;padding-top:64px;padding-bottom:64px\">\n<h4 class=\"wp-block-heading alignwide has-text-align-center\" style=\"line-height:0\">Le Graal<\/h4>\n<\/div>\n\n\n\n<p><\/p>\n\n\n\n<p>\u200bEt les b\u00e9n\u00e9fices, s\u2019il y en a, Ne Pas Confondre les offre dans une Coupe de feu \u00e0 l\u2019association choisie. Et l\u2019ann\u00e9e d\u2019apr\u00e8s, on recommence. Avec plus de hot-dogs, inch allah.<\/p>\n\n\n\n<p><\/p>\n","protected":false},"excerpt":{"rendered":"<p>Kesako Au-del\u00e0 de son nom impronon\u00e7able, MGD envisage trois objectifs : MGD se veut social, solidaire et d\u00e9tendu du gland. Et de la moule, ne genrons pas, c\u2019est mal. \u00c7a d\u00e9genre. D\u00e9range, pardon. Concr\u00e8tement \u200bMagic Geek Day est une convention geek. Des exposants, qui sont des particuliers assez particuliers mais toujours tr\u00e8s pointus dans leur [&hellip;]<\/p>\n","protected":false},"author":1,"featured_media":0,"parent":0,"menu_order":0,"comment_status":"closed","ping_status":"closed","template":"","meta":{"footnotes":""},"class_list":["post-350","page","type-page","status-publish","hentry"],"_links":{"self":[{"href":"https:\/\/www.magicgeekday.be\/index.php\/wp-json\/wp\/v2\/pages\/350","targetHints":{"allow":["GET"]}}],"collection":[{"href":"https:\/\/www.magicgeekday.be\/index.php\/wp-json\/wp\/v2\/pages"}],"about":[{"href":"https:\/\/www.magicgeekday.be\/index.php\/wp-json\/wp\/v2\/types\/page"}],"author":[{"embeddable":true,"href":"https:\/\/www.magicgeekday.be\/index.php\/wp-json\/wp\/v2\/users\/1"}],"replies":[{"embeddable":true,"href":"https:\/\/www.magicgeekday.be\/index.php\/wp-json\/wp\/v2\/comments?post=350"}],"version-history":[{"count":11,"href":"https:\/\/www.magicgeekday.be\/index.php\/wp-json\/wp\/v2\/pages\/350\/revisions"}],"predecessor-version":[{"id":718,"href":"https:\/\/www.magicgeekday.be\/index.php\/wp-json\/wp\/v2\/pages\/350\/revisions\/718"}],"wp:attachment":[{"href":"https:\/\/www.magicgeekday.be\/index.php\/wp-json\/wp\/v2\/media?parent=350"}],"curies":[{"name":"wp","href":"https:\/\/api.w.org\/{rel}","templated":true}]}}