{"id":343,"date":"2025-12-06T18:16:03","date_gmt":"2025-12-06T18:16:03","guid":{"rendered":"https:\/\/www.magicgeekday.be\/?page_id=343"},"modified":"2026-01-08T17:07:22","modified_gmt":"2026-01-08T17:07:22","slug":"projet","status":"publish","type":"page","link":"https:\/\/www.magicgeekday.be\/index.php\/projet\/","title":{"rendered":"Un peu de ne pas confondre"},"content":{"rendered":"\n<p><\/p>\n\n\n\n<p>En des temps anciens, c\u2019est-\u00e0-dire en 2023, naquit le d\u00e9sir profond, obs\u00e9dant pour Dan de reprendre la concept du R\u00e9tro Wizard Day. Il envoya une chouette \u00e0 EvilAsh et op\u00e9ra le patient z\u00e9ro: Magic Geek Day 2024! Mais, l\u2019air de rien, malgr\u00e9 des airs d\u2019\u00e9v\u00e9nement minimaliste, le monstre se r\u00e9v\u00e9la extr\u00eamement chronophage, parfois frustrant, en un mot: difficile \u00e0 g\u00e9rer.<br><br>Le diable est dans les d\u00e9tails, dit souvent\u2026 le diable. Tout seul, ce n\u2019\u00e9tait d\u00e9finitivement pas possible. C\u2019est ainsi que se forgea sur un coin de bar et sur les cendres encore fumantes de cette premi\u00e8re \u00e9dition, l\u2019id\u00e9e d\u2019un collectif.<\/p>\n\n\n\n<div class=\"wp-block-group is-nowrap is-layout-flex wp-container-core-group-is-layout-6c531013 wp-block-group-is-layout-flex\">\n<p>Un groupe WhatsApp plus tard, d\u00e9but 2024, la bande des six se mit \u00e0 fonctionner vaille que vaille. Mais les d\u00e9marches autour de la location de la salle et les discussions relatives \u00e0 la d\u00e9duction fiscale des dons que consentiraient \u00e9ventuellement de potentiels m\u00e9c\u00e8nes (deux secondes, je reprends mon souffle) finit par convaincre Dan de la n\u00e9cessit\u00e9 de cr\u00e9er une association sans but lucratif. Quelques jours plus tard naissait notre b\u00e9b\u00e9 sanguinolent: Ne Pas Confondre! Apr\u00e8s avoir sacrifi\u00e9 un poulet un soir de pleine lune au fond d\u2019un cimeti\u00e8re Maud, Dan et Fred taillad\u00e8rent leurs poignets, se barbouill\u00e8rent le visage de ces sangs d\u00e9sormais m\u00eal\u00e9s et se jur\u00e8rent mutuellement fid\u00e9lit\u00e9, franchise et loyaut\u00e9. Nous \u00e9tions fin octobre 2024. Bien, bien avant l\u2019arriv\u00e9e des premiers elfes sur Terre.<\/p>\n<\/div>\n\n\n\n<figure class=\"wp-block-image aligncenter size-medium\"><img loading=\"lazy\" decoding=\"async\" width=\"300\" height=\"233\" src=\"https:\/\/www.magicgeekday.be\/wp-content\/uploads\/2025\/12\/NPClogo-300x233.jpg\" alt=\"\" class=\"wp-image-381\" srcset=\"https:\/\/www.magicgeekday.be\/wp-content\/uploads\/2025\/12\/NPClogo-300x233.jpg 300w, https:\/\/www.magicgeekday.be\/wp-content\/uploads\/2025\/12\/NPClogo-1024x794.jpg 1024w, https:\/\/www.magicgeekday.be\/wp-content\/uploads\/2025\/12\/NPClogo-768x596.jpg 768w, https:\/\/www.magicgeekday.be\/wp-content\/uploads\/2025\/12\/NPClogo-1536x1191.jpg 1536w, https:\/\/www.magicgeekday.be\/wp-content\/uploads\/2025\/12\/NPClogo.jpg 1600w\" sizes=\"auto, (max-width: 300px) 100vw, 300px\" \/><\/figure>\n\n\n\n<p>Si dans ses statuts, Ne Pas Confondre ne limita pas son champ d\u2019activit\u00e9s \u00e0 ce seul \u00e9v\u00e9nement, il est pourtant \u00e9vident pour tout le trio que NPC existe actuellement uniquement pour mettre sur un pied un peu moins branlant (s\u2019il vous plait\u2026) le projet Magic Geek Day. Mais c\u2019est quoi, finalement, tout bien consid\u00e9r\u00e9, \u00e0 la fin, bordel, <a href=\"https:\/\/www.magicgeekday.be\/index.php\/magic-geek-day\/\" data-type=\"page\" data-id=\"350\">Magic Geek Day<\/a>?<\/p>\n\n\n\n<p><\/p>\n","protected":false},"excerpt":{"rendered":"<p>En des temps anciens, c\u2019est-\u00e0-dire en 2023, naquit le d\u00e9sir profond, obs\u00e9dant pour Dan de reprendre la concept du R\u00e9tro Wizard Day. Il envoya une chouette \u00e0 EvilAsh et op\u00e9ra le patient z\u00e9ro: Magic Geek Day 2024! Mais, l\u2019air de rien, malgr\u00e9 des airs d\u2019\u00e9v\u00e9nement minimaliste, le monstre se r\u00e9v\u00e9la extr\u00eamement chronophage, parfois frustrant, en [&hellip;]<\/p>\n","protected":false},"author":1,"featured_media":0,"parent":0,"menu_order":0,"comment_status":"closed","ping_status":"closed","template":"","meta":{"footnotes":""},"class_list":["post-343","page","type-page","status-publish","hentry"],"_links":{"self":[{"href":"https:\/\/www.magicgeekday.be\/index.php\/wp-json\/wp\/v2\/pages\/343","targetHints":{"allow":["GET"]}}],"collection":[{"href":"https:\/\/www.magicgeekday.be\/index.php\/wp-json\/wp\/v2\/pages"}],"about":[{"href":"https:\/\/www.magicgeekday.be\/index.php\/wp-json\/wp\/v2\/types\/page"}],"author":[{"embeddable":true,"href":"https:\/\/www.magicgeekday.be\/index.php\/wp-json\/wp\/v2\/users\/1"}],"replies":[{"embeddable":true,"href":"https:\/\/www.magicgeekday.be\/index.php\/wp-json\/wp\/v2\/comments?post=343"}],"version-history":[{"count":10,"href":"https:\/\/www.magicgeekday.be\/index.php\/wp-json\/wp\/v2\/pages\/343\/revisions"}],"predecessor-version":[{"id":735,"href":"https:\/\/www.magicgeekday.be\/index.php\/wp-json\/wp\/v2\/pages\/343\/revisions\/735"}],"wp:attachment":[{"href":"https:\/\/www.magicgeekday.be\/index.php\/wp-json\/wp\/v2\/media?parent=343"}],"curies":[{"name":"wp","href":"https:\/\/api.w.org\/{rel}","templated":true}]}}